{"id":442,"date":"2014-10-04T17:41:02","date_gmt":"2014-10-04T17:41:02","guid":{"rendered":"http:\/\/desaplatanate.org\/?page_id=442"},"modified":"2014-10-04T17:41:02","modified_gmt":"2014-10-04T17:41:02","slug":"conoce-nuestra-filosofia_","status":"publish","type":"page","link":"https:\/\/desaplatanate.org\/en\/conoce-nuestra-filosofia_\/","title":{"rendered":"Conoce nuestra filosof\u00eda"},"content":{"rendered":"<p><strong>Conoce nuestra filosof\u00eda- (Una visi\u00f3n de Javier Gonz\u00e1lez)\u00a0<\/strong><\/p>\n[su_spoiler title=\u00bb\u00bfQui\u00e9nes somos?\u00bb style=\u00bbfancy\u00bb open=\u00bbyes\u00bb] La\u00a0<strong><em>asociaci\u00f3n Desaplat\u00e1nate por un turismo social y sostenible\u00a0<\/em><\/strong>es una entidad sin \u00e1nimo de lucro creada con el objetivo de favorecer el desarrollo de un modelo tur\u00edstico alternativo, social y sostenible que mejore las condiciones de vida de la poblaci\u00f3n local y que garantice un respeto pleno a la naturaleza y valores culturales de la poblaci\u00f3n. Para ello promovemos la Dinamizaci\u00f3n del tejido social local a trav\u00e9s del fomento de actividades de turismo, ocio y tiempo libre accesibles y participativas. Todo ello con el fin de maximizar el beneficio del turismo en la sociedad canaria, promocionando la inclusi\u00f3n de la sociedad en el turismo y el fomento de actividades que mejoren la empleabilidad entre la poblaci\u00f3n local.\u00a0[\/su_spoiler]\n<p style=\"text-align: justify;\">[su_spoiler title=\u00bb\u00bfPor qu\u00e9 turismo?\u00bb style=\u00bbfancy\u00bb open=\u00bbno\u00bb] Desde desaplat\u00e1nate.org creemos que los beneficios del turismo no est\u00e1n repartidos de forma justa y equitativa, y que el modelo de turismo de masas y campos de golf est\u00e1 lejos de lo que necesita la poblaci\u00f3n de Canarias. Para ser precisos, \u00a0a Canarias llega una media de 10 millones de turistas al a\u00f1o, batiendo constantemente r\u00e9cords, y eso se\u00f1ores, es mucho dinero en juego: unos 11.000 millones de euros maneja el negocio del turismo en Canarias, cada a\u00f1o. \u00a0Sin embargo, tenemos una de las tasas de las mayores tasas de desempleo de toda Espa\u00f1a (33%) \u00a0y con cerca del 60% de los j\u00f3venes sin empleo. Con estos datos no es necesario ser un gur\u00fa de la econom\u00eda para darse cuenta que el pastel no est\u00e1 bien repartido.\u00a0[\/su_spoiler]\n<p style=\"text-align: justify;\">[su_spoiler title=\u00bb\u00bfPor qu\u00e9 ahora?\u00bb style=\u00bbfancy\u00bb open=\u00bbno\u00bb]\n<p>Seguramente les suene la frase \u201cesto es lo que hay\u201d o \u201cas\u00ed han sido las cosas y siempre ser\u00e1n as\u00ed\u201d. Y es que por mucho que las cosas hayan sido as\u00ed siempre, no dejan de ser injustas, aunque tambi\u00e9n es cierto que las injusticias no se pueden combatir sin medios.<\/p>\n<p>Esta injusticia ten\u00eda sentido cuando dentro de la poblaci\u00f3n canaria no hab\u00eda gente debidamente formada que pudiera desempe\u00f1ar puestos de liderazgo y responsabilidad, que enfocara el desarrollo de las islas hacia el \u00f3ptimo beneficio a largo plazo. Sin embargo ahora tenemos\u00a0<strong><em>la poblaci\u00f3n joven m\u00e1s formada de la historia de las islas Canarias<\/em><\/strong>. S\u00ed, y no es cuesti\u00f3n de tener el ego subido, pero nunca antes en toda la historia de las islas hubo tanta gente tan bien formada como lo hay ahora. Y es justo ahora cuando m\u00e1s se desperdicia todo ese talento negando oportunidades y casi obligando a las personas a emigrar para poder hacer algo de utilidad con sus vidas. Y si con tanto t\u00edtulo y con tanta carrera universitaria no somos capaces de cambiar las cosas\u2026 \u00bfqui\u00e9n lo har\u00e1?\u00a0<strong><em>Tenemos el deber de al menos intentar cambiar las cosas\u2026<\/em><\/strong><\/p>\n<p style=\"text-align: justify;\">[\/su_spoiler]\n<p style=\"text-align: justify;\">[su_spoiler title=\u00bb\u00bfDe verdad vamos a cambiar el mundo?\u00bb style=\u00bbfancy\u00bb open=\u00bbno\u00bb] El turismo de masas seguir\u00e1 llegando a Canarias, y los grandes inversores extranjeros seguir\u00e1n obteniendo grandes beneficios de nuestros recursos. Una peque\u00f1a asociaci\u00f3n como esta no puede aspirar a cambiar una realidad tan tajante. Sin embargo s\u00ed que podemos cambiar la forma en la que vemos el mundo. Concienciar a la poblaci\u00f3n de que hay alternativas y que estas pueden funcionar, y as\u00ed, empezar a crear nuestro propio camino.\u00a0[\/su_spoiler]\n<p style=\"text-align: justify;\">[su_spoiler title=\u00bbTodo pasa por empezar a moverse\u00bb style=\u00bbfancy\u00bb open=\u00bbno\u00bb] Dinamizaci\u00f3n social, ese es uno de los principios de la asociaci\u00f3n. Queremos acabar con esa espiral de depresi\u00f3n que rodea a muchos en este pa\u00eds. La impotencia del que ha estudiado tanto para luego no encontrar un trabajo digno en su pa\u00eds, y con suerte emigrar y terminar barriendo los aparcamientos en alg\u00fan pa\u00eds extranjero\u2026 (\u00a1Vaya! Si es mi caso).\u00a0 Pues no, podemos hacer mucho m\u00e1s que quejarnos. Tenemos un para\u00edso y ah\u00ed es donde nos gustar\u00eda vivir, pero con un trabajo digno, con algo que nos guste. Si siguen as\u00ed las cosas venderemos las islas a los intereses extranjeros del momento y\u00a0cuando nos queramos dar cuenta tendremos que emigrar a otro sitio donde les aseguro que no estaremos tan bien.\u00a0 Con la dinamizaci\u00f3n social creamos grupo, creamos comunidad y nos hacemos m\u00e1s fuertes. Tanto que podremos luchar por cualquier utop\u00eda que nos imaginemos.t [\/su_spoiler]\n<p style=\"text-align: justify;\">[su_spoiler title=\u00bb\u00bfPor qu\u00e9 social?\u00bb style=\u00bbfancy\u00bb open=\u00bbno\u00bb]\n<p>A todo el mundo le gusta hacer actividades. Sin embargo, los precios por la realizaci\u00f3n de actividades son excesivamente altos. \u00bf20\u20ac por hacer una caminata a un barranco? Pues estar\u00eda barato para un noruego que gana eso en una hora, sin embargo en Canarias, con mucha suerte, tenemos ese salario de 3-4\u20ac la hora, lo que hace que esta actividad no sea accesible a muchas personas. Si hablamos que casi el 60% de la poblaci\u00f3n joven de Canarias no tiene trabajo, estamos hablando ya de discriminaci\u00f3n. Y es que\u00a0<strong>todas las personas deber\u00edan de tener el derecho de poder conocer sus islas.<\/strong><\/p>\n<p>Desde desaplatanate.org perseguimos la movilizaci\u00f3n de la sociedad, para ello queremos acabar con las excusas que nos impiden hacer todas las actividades que nos gustar\u00eda realizar. Para ello pretendemos acabar con las dos m\u00e1s usadas:<\/p>\n<ul>\n<li><strong>\u201cNo tengo dinero\u201d<\/strong><\/li>\n<li><strong>\u201cNo tengo gente con la que ir\u201d.<\/strong><\/li>\n<\/ul>\n<p>Las actividades que hacemos ser\u00e1n <strong>gratuitas\u00a0<\/strong>pretendemos juntar a gente con los mismos gustos, acabando as\u00ed con todas las excusas.<\/p>\n<p style=\"text-align: justify;\">\u00a0[\/su_spoiler]\n<p style=\"text-align: justify;\">[su_spoiler title=\u00bb\u00bfPor qu\u00e9 Turismo sostenible?\u00bb style=\u00bbfancy\u00bb open=\u00bbno\u00bb]\n<p>Mucha gente piensa que el turismo sostenible\u00a0es aquel que no rompe el arbolito que est\u00e1 ah\u00ed plantando. Y en parte es verdad, aunque la sostenibilidad es un concepto m\u00e1s amplio. Y para no ir de erudito de la materia, pongo la definici\u00f3n\u00a0de la gente que de verdad sabe: la <em>Organizaci\u00f3n Mundial del Turismo<\/em>:<\/p>\n<p><em>\u201cTurismo sostenible es aquel que conduce a la gesti\u00f3n de todos los recursos, de tal forma que permita satisfacer todas las\u00a0 necesidades\u00a0 econ\u00f3micas,\u00a0 sociales\u00a0 y\u00a0 est\u00e9ticas, manteniendo\u00a0 la\u00a0 integridad\u00a0 cultural,\u00a0 los\u00a0 procesos\u00a0 ecol\u00f3gicos esenciales, la diversidad biol\u00f3gica y los sistemas que apoyan la vida\u201d<\/em><\/p>\n<p>Parece entendible que el turismo que se ha venido practicando hasta la fecha est\u00e1 bien lejos de ser sostenible. basta por darse una vuelta por las zonas tur\u00edsticas para darse cuenta que est\u00e1 bien lejos de parecer ni siquiera el mismo pa\u00eds. Y justo eso es lo que queremos cambiar. Queremos que nuestra cultura perdure, ense\u00f1ar lo que es nuestro con orgullo y que nosotros a la vez podamos aprender de lo que tenemos. Queremos que el beneficio del turismo no se quede en manos de inversores extranjeros con sus hoteles de todo incluido, sino que llegue tambi\u00e9n a los comercios locales, pero tampoco queremos llenarnos de \u201csupermarkets\u201d ni olvidarnos de nuestras ra\u00edces. Es por eso que lucharemos por seguir siendo como somos pudiendo aprovechar los recursos que tenemos.<\/p>\n<p style=\"text-align: justify;\">\u00a0[\/su_spoiler]\n<p style=\"text-align: justify;\">[su_spoiler title=\u00bb\u00bfQui\u00e9n puede participar?\u00bb style=\u00bbfancy\u00bb open=\u00bbno\u00bb] Todo el mundo. Eso s\u00ed, siempre y cuando mantengan una conducta respetuosa con los dem\u00e1s participantes, los miembros de la asociaci\u00f3n y sus fines, y vamos, que respeten la ley. \u00a0Si te gusta la idea y quieres participar de forma activa con nosotros, no dudes en contactarnos.\u00a0[\/su_spoiler]\n<p style=\"text-align: justify;\">[su_spoiler title=\u00bb\u00bfQu\u00e9 actividades se pueden realizar?\u00bb style=\u00bbfancy\u00bb open=\u00bbno\u00bb]\n<p>Los principios de la asociaci\u00f3n deben de estar presentes en todas las actividades que se realicen.\u00a0 La idea es que cualquier persona podr\u00e1 ofertar o demandar cualquier tipo de actividad, siempre y cuando esta actividad cumpla con las siguientes premisas:<\/p>\n<p>1) Que el beneficio repercuta directamente en la poblaci\u00f3n local<\/p>\n<p>2) Que tenga un componente de respeto medioambiental y se realice de forma sostenible.<\/p>\n<p>3) Que exponga, proteja o desarrolle la cultura de la poblaci\u00f3n local.<\/p>\n<p>En caso de que la actividad ofertada sea una actividad econ\u00f3mica, \u00e9sta se har\u00e1 de acuerdo a la legislaci\u00f3n vigente al respecto.<\/p>\n<p style=\"text-align: justify;\">\u00a0[\/su_spoiler]\n<p style=\"text-align: justify;\">[su_spoiler title=\u00bb\u00bfNuestro ingrediente secreto?\u00bb style=\u00bbfancy\u00bb open=\u00bbno\u00bb] Nuestra gente.\u00a0[\/su_spoiler]\n<p style=\"text-align: justify;\">[su_spoiler title=\u00bbEn la mezcla est\u00e1 el poder.\u00a0\u00bb style=\u00bbfancy\u00bb open=\u00bbno\u00bb] S\u00ed, y lo dice uno que mientras escribe estas l\u00edneas est\u00e1 trabajando en Alemania gracias a mi novia alemana. Y es que los contactos son oportunidades. \u00a0Y con 10 millones de turistas llegando a canarias, hay millones de oportunidades que nos estamos perdiendo. Por eso apostamos por la mezcla, juntemos al \u201cguiri\u201d (visitante) con el canario y vayamos juntos a realizar actividades.\u00a0 Y en eso de mezclarnos ganamos todos. Podemos practicar ese idioma que tanto se nos resiste, o ense\u00f1ar un poco de espa\u00f1ol, podemos conocer gentes de otras culturas, y qui\u00e9n sabe, quiz\u00e1s podamos conocer a alguien que nos invite a conocer otro pa\u00eds Las oportunidades son infinitas\u2026\u00a0[\/su_spoiler]\n<p style=\"text-align: justify;\">[su_spoiler title=\u00bb<strong>\u00bfPor qu\u00e9 gratuito?<\/strong>\u00bb style=\u00bbfancy\u00bb open=\u00bbno\u00bb] No creemos en la idea del servicio que muchas veces se confunde con servidumbre. Al dejar de establecer una relaci\u00f3n monetaria deja de haber clientes y proveedores de un servicio, y todos pasan a ser personas, todos iguales unos a otros. Y es entonces cuando las personas ofrecen lo que de verdad tienen. No existe una exigencia por parte del cliente, y no se trata de un producto hecho a medida del cliente. No creemos en el hecho de que tengamos que hablar\u00a0 todos ruso cuando ahora vienen los rusos y que tengamos que hablar todos chino el d\u00eda que vengan los chino, por el simple hecho de que ellos sean los que tengan el dinero. Pues el dinero nunca deber\u00eda de estar por encima de las personas y sus culturas.<\/p>\n<p style=\"text-align: justify;\">Eso no significa que ofrezcamos actividades de baja calidad, pues la calidad nunca est\u00e1 re\u00f1ida con el precio sino con las ganas y el entusiasmo que aporte cada uno. As\u00ed mismo tenemos personal altamente cualificado que dar\u00e1 lo mejor de s\u00ed para hacer las actividades lo m\u00e1s interesante posible.\u00a0 No se trata de un servicio profesional, aunque esperamos que en alg\u00fan momento llegue a serlo, y mientras lo compensaremos con nuestras ganas de ense\u00f1ar y compartir lo que sabemos a los dem\u00e1s.<\/p>\n<p style=\"text-align: justify;\">[\/su_spoiler]\n<p style=\"text-align: justify;\">[su_spoiler title=\u00bb\u00bfY entonces? \u00bfC\u00f3mo se mantienen?\u00bb style=\u00bbfancy\u00bb open=\u00bbno\u00bb] Est\u00e1 claro que las actividades tendr\u00e1n unos gastos que habr\u00e1 que asumir. Si se trata de una actividad que requiera un coste como un transporte, un seguro, etc, se establecer\u00e1 ese precio m\u00ednimo para poder apuntarse. Desde desaplatanate.org buscaremos que este precio sea siempre lo menor posible para que cualquiera pueda realizar actividades con nosotros. Adem\u00e1s si la actividad fue exitosa daremos la posibilidad hacer aportaciones\/donaciones \u00a0para que el sistema siga movi\u00e9ndose.\u00a0 La cantidad a aportar ser\u00e1 completamente libre, desde 0\u20ac hasta lo que venga en mente. De esta manera logramos que cada uno pueda aportar lo que est\u00e9 dentro de sus posibilidades. El dinero no es lo realmente importante, y tanto as\u00ed que incluimos la idea del <strong>trueque<\/strong>: Si tienes alguna habilidad personal que pueda ser interesante para la asociaci\u00f3n o para el coordinador de la actividad, puedes aportarla como \u201cpago\u201d por la realizaci\u00f3n de la actividad. Lo que nos interesa aqu\u00ed es que nadie se quede fuera y que todos hagamos de esto algo m\u00e1s grande.\u00a0[\/su_spoiler]\n<p style=\"text-align: justify;\">[su_spoiler title=\u00bb\u00bfEn qu\u00e9 invertiremos lo ganado?\u00bb style=\u00bbfancy\u00bb open=\u00bbno\u00bb] Como asociaci\u00f3n sin \u00e1nimo de lucro no podemos por ley repartir beneficios entre nuestros socios, por lo que\u00a0<strong>todo el dinero que la asociaci\u00f3n reciba debe, por ley, ser invertido \u00edntegramente en perseguir los fines de la asociaci\u00f3n<\/strong>. \u00a0Por tanto usaremos ese dinero en mejorar la difusi\u00f3n de nuestra iniciativa, conseguir mejores materiales que permitan la realizaci\u00f3n de m\u00e1s actividades, desarrollo de cursos y establecer contactos en el extranjero.\u00a0 La idea es que cada uno pueda tener acceso a las cuentas de la asociaci\u00f3n, y as\u00ed pueda saber directamente, qu\u00e9 es lo que se hace con su dinero.\u00a0[\/su_spoiler]\n<p style=\"text-align: justify;\">[su_spoiler title=\u00bb\u00bfQuieres Saber m\u00e1s?\u00bb style=\u00bbfancy\u00bb open=\u00bbno\u00bb]Si te quedaron dudas, quieres saber m\u00e1s, o quieres saber c\u00f3mo puedes participar, \u00a0no lo dudes,\u00a0<a title=\"Contact\" href=\"http:\/\/desaplatanate.org\/en\/contacto\/\">Ponte en contacto con nosotros.<\/a> [\/su_spoiler]","protected":false},"excerpt":{"rendered":"<p>Conoce nuestra filosof\u00eda- (Una visi\u00f3n de Javier Gonz\u00e1lez)\u00a0 [su_spoiler title=\u00bb\u00bfQui\u00e9nes somos?\u00bb style=\u00bbfancy\u00bb open=\u00bbyes\u00bb] La\u00a0asociaci\u00f3n Desaplat\u00e1nate por un turismo social y sostenible\u00a0es una entidad sin \u00e1nimo de lucro creada con el objetivo de favorecer el desarrollo de un modelo tur\u00edstico alternativo, social y sostenible que mejore las condiciones de vida de la poblaci\u00f3n local y que&#8230;<\/p>","protected":false},"author":2,"featured_media":0,"parent":0,"menu_order":0,"comment_status":"open","ping_status":"open","template":"page-templates\/fullwidth.php","meta":{"footnotes":""},"_links":{"self":[{"href":"https:\/\/desaplatanate.org\/en\/wp-json\/wp\/v2\/pages\/442"}],"collection":[{"href":"https:\/\/desaplatanate.org\/en\/wp-json\/wp\/v2\/pages"}],"about":[{"href":"https:\/\/desaplatanate.org\/en\/wp-json\/wp\/v2\/types\/page"}],"author":[{"embeddable":true,"href":"https:\/\/desaplatanate.org\/en\/wp-json\/wp\/v2\/users\/2"}],"replies":[{"embeddable":true,"href":"https:\/\/desaplatanate.org\/en\/wp-json\/wp\/v2\/comments?post=442"}],"version-history":[{"count":0,"href":"https:\/\/desaplatanate.org\/en\/wp-json\/wp\/v2\/pages\/442\/revisions"}],"wp:attachment":[{"href":"https:\/\/desaplatanate.org\/en\/wp-json\/wp\/v2\/media?parent=442"}],"curies":[{"name":"wp","href":"https:\/\/api.w.org\/{rel}","templated":true}]}}