{"id":267,"date":"2014-09-23T15:10:02","date_gmt":"2014-09-23T15:10:02","guid":{"rendered":"http:\/\/desaplatanate.org\/?page_id=267"},"modified":"2014-09-23T15:10:02","modified_gmt":"2014-09-23T15:10:02","slug":"contacto","status":"publish","type":"page","link":"https:\/\/desaplatanate.org\/en\/contacto\/","title":{"rendered":"Contact"},"content":{"rendered":"<p>\u00bfTe interesa lo que hacemos? \u00bfTe gustar\u00eda participar activamente? \u00bfQuieres proponernos alg\u00fan plan que siempre quisiste hacer? o \u00bfsimplemente quieres saber un poco m\u00e1s de nosotros? No lo dudes, ponte en contacto con nosotros. Somos una organizaci\u00f3n din\u00e1mica y abierta a muchas posibilidades.<\/p>\n<p><a ref=\"magnificPopup\" href=\"http:\/\/desaplatanate.org\/wp-content\/uploads\/2014\/09\/contacto-1.png\"><img loading=\"lazy\" decoding=\"async\" class=\"alignright wp-image-272 size-medium\" src=\"http:\/\/desaplatanate.org\/wp-content\/uploads\/2014\/09\/contacto-1-300x188.png\" alt=\"contacto\" width=\"300\" height=\"188\" \/><\/a><\/p>\n[contact-form-7 id=\u00bb4&#8243; title=\u00bbFormulario de contacto 1&#8243;]","protected":false},"excerpt":{"rendered":"<p>\u00bfTe interesa lo que hacemos? \u00bfTe gustar\u00eda participar activamente? \u00bfQuieres proponernos alg\u00fan plan que siempre quisiste hacer? o \u00bfsimplemente quieres saber un poco m\u00e1s de nosotros? No lo dudes, ponte en contacto con nosotros. Somos una organizaci\u00f3n din\u00e1mica y abierta a muchas posibilidades. [contact-form-7 id=\u00bb4&#8243; title=\u00bbFormulario de contacto 1&#8243;]<\/p>","protected":false},"author":2,"featured_media":0,"parent":0,"menu_order":0,"comment_status":"open","ping_status":"open","template":"","meta":{"footnotes":""},"_links":{"self":[{"href":"https:\/\/desaplatanate.org\/en\/wp-json\/wp\/v2\/pages\/267"}],"collection":[{"href":"https:\/\/desaplatanate.org\/en\/wp-json\/wp\/v2\/pages"}],"about":[{"href":"https:\/\/desaplatanate.org\/en\/wp-json\/wp\/v2\/types\/page"}],"author":[{"embeddable":true,"href":"https:\/\/desaplatanate.org\/en\/wp-json\/wp\/v2\/users\/2"}],"replies":[{"embeddable":true,"href":"https:\/\/desaplatanate.org\/en\/wp-json\/wp\/v2\/comments?post=267"}],"version-history":[{"count":0,"href":"https:\/\/desaplatanate.org\/en\/wp-json\/wp\/v2\/pages\/267\/revisions"}],"wp:attachment":[{"href":"https:\/\/desaplatanate.org\/en\/wp-json\/wp\/v2\/media?parent=267"}],"curies":[{"name":"wp","href":"https:\/\/api.w.org\/{rel}","templated":true}]}}