{"id":12,"date":"2014-06-11T22:36:38","date_gmt":"2014-06-11T22:36:38","guid":{"rendered":"http:\/\/desaplatanate.org\/?page_id=12"},"modified":"2021-12-28T10:43:39","modified_gmt":"2021-12-28T10:43:39","slug":"sobre-nosotros","status":"publish","type":"page","link":"https:\/\/desaplatanate.org\/en\/sobre-nosotros\/","title":{"rendered":"Sobre Nosotros"},"content":{"rendered":"<p class=\"mhl\" style=\"text-align: left;\"><strong>Who are we?<\/strong><\/p>\n<p class=\"mhl\" style=\"text-align: left;\">We are a non-profit organization promoting the establishment of an alternative social and sustainable touristic model as well as alternative offers of leisure activities on the Canary Islands.<\/p>\n<p style=\"text-align: left;\">We are aiming at improving the chances of the local population. We want to distribute more effectively the benefits of tourism and we pretend to ensure respect for nature and the cultural values of the local community.<\/p>\n<div class=\"mhl\" style=\"text-align: justify;\">\n<p style=\"text-align: left;\"><strong>Agradecimientos: <\/strong><\/p>\n<ul>\n<li style=\"text-align: left;\"><span style=\"text-align: justify;\">Carol Dias &#8211; Por cedernos su idea original del pl\u00e1tano desnud\u00e1ndose que tenemos como logo.<\/span><\/li>\n<li>Fg.ull.es &#8211; Por su atenci\u00f3n pasada, presente y futura en todo este proceso.<\/li>\n<li>Al espacio colaborativo el sal\u00f3n por aportarnos una excelente oficina.<\/li>\n<\/ul>\n<div><img loading=\"lazy\" decoding=\"async\" class=\"size-full wp-image-3473 aligncenter\" src=\"https:\/\/desaplatanate.org\/wp-content\/uploads\/2021\/12\/cropped-logo2-1.png\" alt=\"\" width=\"255\" height=\"85\" \/><\/div>\n<\/div>","protected":false},"excerpt":{"rendered":"<p>\u00bfQui\u00e9nes somos? Somos una asociaci\u00f3n sin \u00e1nimo de lucro destinada a fomentar el desarrollo de un modelo de turismo y ocio alternativo, social y sostenible en las Islas Canarias. Queremos mejorar las opciones de la poblaci\u00f3n local, repartir m\u00e1s eficientemente los beneficios del turismo y garantizar un respeto pleno con la naturaleza y los valores&#8230;<\/p>","protected":false},"author":2,"featured_media":0,"parent":0,"menu_order":0,"comment_status":"closed","ping_status":"open","template":"","meta":{"footnotes":""},"_links":{"self":[{"href":"https:\/\/desaplatanate.org\/en\/wp-json\/wp\/v2\/pages\/12"}],"collection":[{"href":"https:\/\/desaplatanate.org\/en\/wp-json\/wp\/v2\/pages"}],"about":[{"href":"https:\/\/desaplatanate.org\/en\/wp-json\/wp\/v2\/types\/page"}],"author":[{"embeddable":true,"href":"https:\/\/desaplatanate.org\/en\/wp-json\/wp\/v2\/users\/2"}],"replies":[{"embeddable":true,"href":"https:\/\/desaplatanate.org\/en\/wp-json\/wp\/v2\/comments?post=12"}],"version-history":[{"count":0,"href":"https:\/\/desaplatanate.org\/en\/wp-json\/wp\/v2\/pages\/12\/revisions"}],"wp:attachment":[{"href":"https:\/\/desaplatanate.org\/en\/wp-json\/wp\/v2\/media?parent=12"}],"curies":[{"name":"wp","href":"https:\/\/api.w.org\/{rel}","templated":true}]}}